{"id":579,"date":"2024-04-15T16:06:12","date_gmt":"2024-04-15T14:06:12","guid":{"rendered":"https:\/\/aviciiarena.se\/besok-arenan\/"},"modified":"2026-02-16T11:33:55","modified_gmt":"2026-02-16T10:33:55","slug":"your-visit","status":"publish","type":"page","link":"https:\/\/aviciiarena.se\/en\/your-visit\/","title":{"rendered":"Your visit"},"content":{"rendered":"\n<section id=\"block_6a963f793a075eb64cac7c1f37401ac1\" class=\"text-with-media relative align-full overflow-hidden\" style=\"background-color:var(--wp--preset--color--base);\">\n    <div class=\"container align-default items-center\">\n                    <div class=\"media media-order-1 media-ratio-big media-expanded-yes media-contain-cover\">\n                                    <img decoding=\"async\" width=\"1024\" height=\"1024\" src=\"https:\/\/aviciiarena.se\/uploads\/sites\/4\/2026\/02\/app2-1024x1024-1.png\" class=\"attachment-large size-large\" alt=\"\" srcset=\"https:\/\/aviciiarena.se\/uploads\/sites\/4\/2026\/02\/app2-1024x1024-1.png 1024w, https:\/\/aviciiarena.se\/uploads\/sites\/4\/2026\/02\/app2-1024x1024-1-300x300.png 300w, https:\/\/aviciiarena.se\/uploads\/sites\/4\/2026\/02\/app2-1024x1024-1-150x150.png 150w, https:\/\/aviciiarena.se\/uploads\/sites\/4\/2026\/02\/app2-1024x1024-1-768x768.png 768w\" sizes=\"(max-width: 1024px) 100vw, 1024px\" \/>                            <\/div>\n                <div class=\"content-body media-order-2\">\n            <div class=\"acf-innerblocks-container\">\n\n\n\n<h2 class=\"wp-block-heading\">Stockholm Live-appen<\/h2>\n\n\n\n<p>Appen du beh\u00f6ver f\u00f6r en smidig evenemangsupplevelse! H\u00e4mta och hantera dina digitala biljetter och f\u00e5 senaste nytt och all information om dina evenemang. P\u00e5 ett och samma st\u00e4lle.<\/p>\n\n\n\n    <div class=\"buttons-container buttons-row\">\n                                    <a\n                    href=\"https:\/\/aviciiarena.se\/besok-arenan\/stockholm-live-appen\/\"\n                    target=\"\"\n                    class=\"gtm btn-transparent\"\n                    data-gtm=\"{&quot;page_type&quot;:&quot;default&quot;,&quot;btn_type&quot;:&quot;Normal&quot;,&quot;event&quot;:&quot;select_item&quot;}\"\n                >\n                    <span>Mer om appen<\/span>\n                <\/a>\n                        <\/div>\n\n<\/div>\n        <\/div>\n    <\/div>\n<\/section>\n\n<section id=\"block_d8ffbf06a5f67ef1e542e4cf0ff5d8a8\" class=\"cards-basic relative align-full overflow-hidden cards-height-basic\" style=\"background-color:var(--wp--preset--color--base);\">\n    <div class=\"container align-default\">\n        <div class=\"acf-innerblocks-container\"><\/div>\n    <div class=\"cards-wrapper cards-grid small-mob-grid-cols-1 mob-grid-cols-2 grid-cols-4\">\n                                        <div class=\"card-basic\">\n            <div class=\"card-media\">\n                            <img decoding=\"async\" width=\"1024\" height=\"683\" src=\"https:\/\/aviciiarena.se\/uploads\/sites\/4\/2024\/04\/besok-arenan-2050-1024x683.jpg\" class=\"attachment-large size-large\" alt=\"Hitta till arenan\" srcset=\"https:\/\/aviciiarena.se\/uploads\/sites\/4\/2024\/04\/besok-arenan-2050-1024x683.jpg 1024w, https:\/\/aviciiarena.se\/uploads\/sites\/4\/2024\/04\/besok-arenan-2050-300x200.jpg 300w, https:\/\/aviciiarena.se\/uploads\/sites\/4\/2024\/04\/besok-arenan-2050-768x512.jpg 768w, https:\/\/aviciiarena.se\/uploads\/sites\/4\/2024\/04\/besok-arenan-2050-1536x1024.jpg 1536w, https:\/\/aviciiarena.se\/uploads\/sites\/4\/2024\/04\/besok-arenan-2050-2048x1366.jpg 2048w\" sizes=\"(max-width: 1024px) 100vw, 1024px\" \/>                    <\/div>\n        <div class=\"card-content\">\n        <div class=\"card-text-content\">\n                            <h3>\n                    Hitta till arenan                <\/h3>\n                                        <div class=\"entry-content\">\n                    <p>Hitta din b\u00e4sta och smidigaste resv\u00e4g till och fr\u00e5n arenan<\/p>\n                <\/div>\n                    <\/div>\n                                    <a\n                    href=\"https:\/\/aviciiarena.se\/hitta-till-arenan\/\"\n                    target=\"\"\n                    class=\"gtm btn-primary\"\n                    data-gtm=\"{&quot;page_type&quot;:&quot;default&quot;,&quot;btn_type&quot;:&quot;Normal&quot;,&quot;event&quot;:&quot;select_item&quot;}\"\n                >\n                    <span>L\u00e4s mer<\/span>\n                <\/a>\n                        <\/div>\n    <\/div>\n                                <div class=\"card-basic\">\n            <div class=\"card-media\">\n                            <img decoding=\"async\" width=\"1024\" height=\"1024\" src=\"https:\/\/aviciiarena.se\/uploads\/sites\/4\/2025\/01\/aa-orienteringskarta-laktarea-1000x1000px-1-1024x1024.jpg\" class=\"attachment-large size-large\" alt=\"Hitta i arenan\" srcset=\"https:\/\/aviciiarena.se\/uploads\/sites\/4\/2025\/01\/aa-orienteringskarta-laktarea-1000x1000px-1-1024x1024.jpg 1024w, https:\/\/aviciiarena.se\/uploads\/sites\/4\/2025\/01\/aa-orienteringskarta-laktarea-1000x1000px-1-300x300.jpg 300w, https:\/\/aviciiarena.se\/uploads\/sites\/4\/2025\/01\/aa-orienteringskarta-laktarea-1000x1000px-1-150x150.jpg 150w, https:\/\/aviciiarena.se\/uploads\/sites\/4\/2025\/01\/aa-orienteringskarta-laktarea-1000x1000px-1-768x768.jpg 768w, https:\/\/aviciiarena.se\/uploads\/sites\/4\/2025\/01\/aa-orienteringskarta-laktarea-1000x1000px-1-1536x1536.jpg 1536w, https:\/\/aviciiarena.se\/uploads\/sites\/4\/2025\/01\/aa-orienteringskarta-laktarea-1000x1000px-1-2048x2048.jpg 2048w\" sizes=\"(max-width: 1024px) 100vw, 1024px\" \/>                    <\/div>\n        <div class=\"card-content\">\n        <div class=\"card-text-content\">\n                            <h3>\n                    Hitta i arenan                <\/h3>\n                                        <div class=\"entry-content\">\n                    <p>Hitta din entr\u00e9, sektion och plats med \u00f6versiktskartor<\/p>\n                <\/div>\n                    <\/div>\n                                    <a\n                    href=\"https:\/\/aviciiarena.se\/besok-arenan\/hitta-i-arenan\/\"\n                    target=\"\"\n                    class=\"gtm btn-primary\"\n                    data-gtm=\"{&quot;page_type&quot;:&quot;default&quot;,&quot;btn_type&quot;:&quot;Normal&quot;,&quot;event&quot;:&quot;select_item&quot;}\"\n                >\n                    <span>L\u00e4s mer<\/span>\n                <\/a>\n                        <\/div>\n    <\/div>\n                                <div class=\"card-basic\">\n            <div class=\"card-media\">\n                            <img decoding=\"async\" width=\"1024\" height=\"759\" src=\"https:\/\/aviciiarena.se\/uploads\/sites\/4\/2026\/02\/arenastaff-1024x759.png\" class=\"attachment-large size-large\" alt=\"Trygga evenemang\" srcset=\"https:\/\/aviciiarena.se\/uploads\/sites\/4\/2026\/02\/arenastaff-1024x759.png 1024w, https:\/\/aviciiarena.se\/uploads\/sites\/4\/2026\/02\/arenastaff-300x222.png 300w, https:\/\/aviciiarena.se\/uploads\/sites\/4\/2026\/02\/arenastaff-768x569.png 768w, https:\/\/aviciiarena.se\/uploads\/sites\/4\/2026\/02\/arenastaff-1536x1138.png 1536w, https:\/\/aviciiarena.se\/uploads\/sites\/4\/2026\/02\/arenastaff.png 1920w\" sizes=\"(max-width: 1024px) 100vw, 1024px\" \/>                    <\/div>\n        <div class=\"card-content\">\n        <div class=\"card-text-content\">\n                            <h3>\n                    Trygga evenemang                <\/h3>\n                                        <div class=\"entry-content\">\n                    <p>Hos oss ska du k\u00e4nna dig trygg och s\u00e4ker under evenemang<\/p>\n                <\/div>\n                    <\/div>\n                                    <a\n                    href=\"https:\/\/aviciiarena.se\/besok-arenan\/trygga-evenemang\/\"\n                    target=\"\"\n                    class=\"gtm btn-primary\"\n                    data-gtm=\"{&quot;page_type&quot;:&quot;default&quot;,&quot;btn_type&quot;:&quot;Normal&quot;,&quot;event&quot;:&quot;select_item&quot;}\"\n                >\n                    <span>L\u00e4s mer<\/span>\n                <\/a>\n                        <\/div>\n    <\/div>\n                                <div class=\"card-basic\">\n            <div class=\"card-media\">\n                            <img decoding=\"async\" width=\"1024\" height=\"683\" src=\"https:\/\/aviciiarena.se\/uploads\/sites\/4\/2024\/04\/tillganglighet-2050-1024x683.jpg\" class=\"attachment-large size-large\" alt=\"Tillg\u00e4nglighet\" srcset=\"https:\/\/aviciiarena.se\/uploads\/sites\/4\/2024\/04\/tillganglighet-2050-1024x683.jpg 1024w, https:\/\/aviciiarena.se\/uploads\/sites\/4\/2024\/04\/tillganglighet-2050-300x200.jpg 300w, https:\/\/aviciiarena.se\/uploads\/sites\/4\/2024\/04\/tillganglighet-2050-768x512.jpg 768w, https:\/\/aviciiarena.se\/uploads\/sites\/4\/2024\/04\/tillganglighet-2050-1536x1025.jpg 1536w, https:\/\/aviciiarena.se\/uploads\/sites\/4\/2024\/04\/tillganglighet-2050-2048x1367.jpg 2048w\" sizes=\"(max-width: 1024px) 100vw, 1024px\" \/>                    <\/div>\n        <div class=\"card-content\">\n        <div class=\"card-text-content\">\n                            <h3>\n                    Tillg\u00e4nglighet                <\/h3>\n                                        <div class=\"entry-content\">\n                    <p>L\u00e4s mer om tillg\u00e4ngligheten i och omkring arenan<\/p>\n                <\/div>\n                    <\/div>\n                                    <a\n                    href=\"https:\/\/aviciiarena.se\/besok-arenan\/tillganglighet\/\"\n                    target=\"\"\n                    class=\"gtm btn-primary\"\n                    data-gtm=\"{&quot;page_type&quot;:&quot;default&quot;,&quot;btn_type&quot;:&quot;Normal&quot;,&quot;event&quot;:&quot;select_item&quot;}\"\n                >\n                    <span>L\u00e4s mer<\/span>\n                <\/a>\n                        <\/div>\n    <\/div>\n                        <\/div>\n<\/div>\n<\/section>\n","protected":false},"excerpt":{"rendered":"","protected":false},"author":8,"featured_media":0,"parent":0,"menu_order":0,"comment_status":"closed","ping_status":"closed","template":"","meta":{"_acf_changed":false,"_relevanssi_hide_post":"","_relevanssi_pin_for_all":"","_relevanssi_pin_keywords":"","_relevanssi_unpin_keywords":"","_relevanssi_related_keywords":"","_relevanssi_related_include_ids":"","_relevanssi_related_exclude_ids":"","_relevanssi_related_no_append":"","_relevanssi_related_not_related":"","_relevanssi_related_posts":"","footnotes":""},"class_list":["post-579","page","type-page","status-publish","hentry"],"acf":[],"_links":{"self":[{"href":"https:\/\/aviciiarena.se\/en\/wp-json\/wp\/v2\/pages\/579","targetHints":{"allow":["GET"]}}],"collection":[{"href":"https:\/\/aviciiarena.se\/en\/wp-json\/wp\/v2\/pages"}],"about":[{"href":"https:\/\/aviciiarena.se\/en\/wp-json\/wp\/v2\/types\/page"}],"author":[{"embeddable":true,"href":"https:\/\/aviciiarena.se\/en\/wp-json\/wp\/v2\/users\/8"}],"replies":[{"embeddable":true,"href":"https:\/\/aviciiarena.se\/en\/wp-json\/wp\/v2\/comments?post=579"}],"version-history":[{"count":7,"href":"https:\/\/aviciiarena.se\/en\/wp-json\/wp\/v2\/pages\/579\/revisions"}],"predecessor-version":[{"id":6378,"href":"https:\/\/aviciiarena.se\/en\/wp-json\/wp\/v2\/pages\/579\/revisions\/6378"}],"wp:attachment":[{"href":"https:\/\/aviciiarena.se\/en\/wp-json\/wp\/v2\/media?parent=579"}],"curies":[{"name":"wp","href":"https:\/\/api.w.org\/{rel}","templated":true}]}}